{"id":1535,"date":"2026-03-12T14:09:48","date_gmt":"2026-03-12T13:09:48","guid":{"rendered":"https:\/\/www.vyevents.fr\/?page_id=1535"},"modified":"2026-03-12T18:08:02","modified_gmt":"2026-03-12T17:08:02","slug":"mentions-legales","status":"publish","type":"page","link":"https:\/\/www.vyevents.fr\/index.php\/mentions-legales\/","title":{"rendered":"Mentions L\u00e9gales"},"content":{"rendered":"\t\t<div data-elementor-type=\"wp-page\" data-elementor-id=\"1535\" class=\"elementor elementor-1535\">\n\t\t\t\t<div class=\"elementor-element elementor-element-7e5a4ae e-flex e-con-boxed e-con e-parent\" data-id=\"7e5a4ae\" data-element_type=\"container\" data-e-type=\"container\" data-settings=\"{&quot;background_background&quot;:&quot;classic&quot;,&quot;shape_divider_top&quot;:&quot;pyramids&quot;,&quot;shape_divider_bottom&quot;:&quot;pyramids&quot;}\">\n\t\t\t\t\t<div class=\"e-con-inner\">\n\t\t\t\t<div class=\"elementor-shape elementor-shape-top\" aria-hidden=\"true\" data-negative=\"false\">\n\t\t\t<svg xmlns=\"http:\/\/www.w3.org\/2000\/svg\" viewBox=\"0 0 1000 100\" preserveAspectRatio=\"none\">\n\t<path class=\"elementor-shape-fill\" d=\"M761.9,44.1L643.1,27.2L333.8,98L0,3.8V0l1000,0v3.9\"\/>\n<\/svg>\t\t<\/div>\n\t\t\t\t<div class=\"elementor-shape elementor-shape-bottom\" aria-hidden=\"true\" data-negative=\"false\">\n\t\t\t<svg xmlns=\"http:\/\/www.w3.org\/2000\/svg\" viewBox=\"0 0 1000 100\" preserveAspectRatio=\"none\">\n\t<path class=\"elementor-shape-fill\" d=\"M761.9,44.1L643.1,27.2L333.8,98L0,3.8V0l1000,0v3.9\"\/>\n<\/svg>\t\t<\/div>\n\t\t\t\t<div class=\"elementor-element elementor-element-1579426 elementor-widget elementor-widget-text-editor\" data-id=\"1579426\" data-element_type=\"widget\" data-e-type=\"widget\" data-widget_type=\"text-editor.default\">\n\t\t\t\t\t\t\t\t\t<h2 id=\"mentions-lgales\" class=\"font-editorial font-bold mb-2 mt-4 [.has-inline-images_&amp;]:clear-end text-lg first:mt-0 md:text-lg [hr+&amp;]:mt-4\">Mentions l\u00e9gales<\/h2><p>Conform\u00e9ment aux dispositions de la loi n\u00b0 2004-575 du 21 juin 2004 pour la confiance en l&rsquo;\u00e9conomie num\u00e9rique, il est pr\u00e9cis\u00e9 aux utilisateurs du site vyevents.fr l&rsquo;identit\u00e9 des diff\u00e9rents intervenants dans le cadre de sa r\u00e9alisation et de son suivi.<\/p><h2>\u00a0<\/h2><h2 id=\"diteur-du-site\" class=\"font-editorial font-bold mb-2 mt-4 [.has-inline-images_&amp;]:clear-end text-base first:mt-0\">\u00c9diteur du site<\/h2><p class=\"my-2 [&amp;+p]:mt-4 [&amp;_strong:has(+br)]:inline-block [&amp;_strong:has(+br)]:pb-2\"><strong>Nom et pr\u00e9nom :<\/strong>\u00a0Sylvie Shou<br \/><strong>Activit\u00e9 :<\/strong>\u00a0Pilote de projet \u00e9v\u00e9nementiel freelance<br \/><strong>Statut juridique :<\/strong> SAS<br \/><strong>SIRET :<\/strong>\u00a099507373100011<br \/>11 rue Gambetta 77400 Thorigny sur Marne<br \/><strong>T\u00e9l\u00e9phone :<\/strong>\u00a007 89 01 09 36<br \/><strong>Email :<\/strong>\u00a0<a class=\"reset interactable cursor-pointer decoration-1 underline-offset-1 text-super hover:underline font-semibold\" href=\"mailto:sylvie@vyevents.fr\" target=\"_blank\" rel=\"nofollow noopener\"><span class=\"text-box-trim-both\">sylvie@vyevents.fr<\/span><\/a><\/p><h2>\u00a0<\/h2><h2 id=\"hbergement\" class=\"font-editorial font-bold mb-2 mt-4 [.has-inline-images_&amp;]:clear-end text-base first:mt-0\">H\u00e9bergement<\/h2><p class=\"my-2 [&amp;+p]:mt-4 [&amp;_strong:has(+br)]:inline-block [&amp;_strong:has(+br)]:pb-2\"><strong>H\u00e9bergeur :<\/strong> Always Data<br \/><strong>Adresse :<\/strong> 91 rue du Faubourg Saint-Honor\u00e9 75008 Paris<\/p><h2>\u00a0<\/h2><h2 id=\"proprit-intellectuelle\" class=\"font-editorial font-bold mb-2 mt-4 [.has-inline-images_&amp;]:clear-end text-base first:mt-0\">Propri\u00e9t\u00e9 intellectuelle<\/h2><p class=\"my-2 [&amp;+p]:mt-4 [&amp;_strong:has(+br)]:inline-block [&amp;_strong:has(+br)]:pb-2\">Le contenu de ce site (textes, images, logo, graphismes) est la propri\u00e9t\u00e9 exclusive de Sylvie Shou \u2013 VY Events et est prot\u00e9g\u00e9 par les lois fran\u00e7aises et internationales relatives \u00e0 la propri\u00e9t\u00e9 intellectuelle. Toute reproduction, repr\u00e9sentation ou diffusion, en tout ou partie, du contenu de ce site est interdite sans autorisation pr\u00e9alable \u00e9crite.<\/p><h2>\u00a0<\/h2><h2 id=\"donnes-personnelles-et-rgpd\" class=\"font-editorial font-bold mb-2 mt-4 [.has-inline-images_&amp;]:clear-end text-base first:mt-0\">Donn\u00e9es personnelles et RGPD<\/h2><p class=\"my-2 [&amp;+p]:mt-4 [&amp;_strong:has(+br)]:inline-block [&amp;_strong:has(+br)]:pb-2\">Conform\u00e9ment au R\u00e8glement G\u00e9n\u00e9ral sur la Protection des Donn\u00e9es (RGPD) et \u00e0 la loi Informatique et Libert\u00e9s, vous disposez d&rsquo;un droit d&rsquo;acc\u00e8s, de rectification, de suppression et de portabilit\u00e9 de vos donn\u00e9es personnelles. Pour exercer ces droits, contactez :\u00a0<strong><a class=\"reset interactable cursor-pointer decoration-1 underline-offset-1 text-super hover:underline font-semibold\" href=\"mailto:sylvie@vyevents.fr\" target=\"_blank\" rel=\"nofollow noopener\"><span class=\"text-box-trim-both\">sylvie@vyevents.fr<\/span><\/a><\/strong><\/p><p class=\"my-2 [&amp;+p]:mt-4 [&amp;_strong:has(+br)]:inline-block [&amp;_strong:has(+br)]:pb-2\">Les donn\u00e9es collect\u00e9es via le formulaire de contact sont uniquement utilis\u00e9es pour r\u00e9pondre \u00e0 vos demandes et ne sont jamais transmises \u00e0 des tiers.<\/p><h2>\u00a0<\/h2><h2 id=\"cookies\" class=\"font-editorial font-bold mb-2 mt-4 [.has-inline-images_&amp;]:clear-end text-base first:mt-0\">Cookies<\/h2><p class=\"my-2 [&amp;+p]:mt-4 [&amp;_strong:has(+br)]:inline-block [&amp;_strong:has(+br)]:pb-2\">Ce site peut utiliser des cookies \u00e0 des fins de mesure d&rsquo;audience. Vous pouvez configurer votre navigateur pour refuser les cookies ou \u00eatre inform\u00e9 de leur d\u00e9p\u00f4t.<\/p><h2>\u00a0<\/h2><h2 id=\"responsabilit\" class=\"font-editorial font-bold mb-2 mt-4 [.has-inline-images_&amp;]:clear-end text-base first:mt-0\">Responsabilit\u00e9<\/h2><p class=\"my-2 [&amp;+p]:mt-4 [&amp;_strong:has(+br)]:inline-block [&amp;_strong:has(+br)]:pb-2\">Sylvie Shou \u2013 VY Events s&rsquo;efforce d&rsquo;assurer l&rsquo;exactitude et la mise \u00e0 jour des informations diffus\u00e9es sur ce site. Cependant, elle ne peut garantir l&rsquo;exhaustivit\u00e9 et l&rsquo;exactitude des informations et d\u00e9cline toute responsabilit\u00e9 pour toute impr\u00e9cision ou omission.<\/p>\t\t\t\t\t\t\t\t<\/div>\n\t\t\t\t\t<\/div>\n\t\t\t\t<\/div>\n\t\t\t\t<\/div>\n\t\t","protected":false},"excerpt":{"rendered":"<p>Mentions l\u00e9gales Conform\u00e9ment aux dispositions de la loi n\u00b0 2004-575 du 21 juin 2004 pour la confiance en l&rsquo;\u00e9conomie num\u00e9rique, il est pr\u00e9cis\u00e9 aux utilisateurs du site vyevents.fr l&rsquo;identit\u00e9 des diff\u00e9rents intervenants dans le cadre de sa r\u00e9alisation et de son suivi. \u00a0 \u00c9diteur du site Nom et pr\u00e9nom :\u00a0Sylvie ShouActivit\u00e9 :\u00a0Pilote de projet \u00e9v\u00e9nementiel [&hellip;]<\/p>\n","protected":false},"author":1,"featured_media":0,"parent":0,"menu_order":0,"comment_status":"closed","ping_status":"closed","template":"","meta":{"ocean_post_layout":"","ocean_both_sidebars_style":"","ocean_both_sidebars_content_width":0,"ocean_both_sidebars_sidebars_width":0,"ocean_sidebar":"","ocean_second_sidebar":"","ocean_disable_margins":"enable","ocean_add_body_class":"","ocean_shortcode_before_top_bar":"","ocean_shortcode_after_top_bar":"","ocean_shortcode_before_header":"","ocean_shortcode_after_header":"","ocean_has_shortcode":"","ocean_shortcode_after_title":"","ocean_shortcode_before_footer_widgets":"","ocean_shortcode_after_footer_widgets":"","ocean_shortcode_before_footer_bottom":"","ocean_shortcode_after_footer_bottom":"","ocean_display_top_bar":"default","ocean_display_header":"default","ocean_header_style":"","ocean_center_header_left_menu":"","ocean_custom_header_template":"","ocean_custom_logo":0,"ocean_custom_retina_logo":0,"ocean_custom_logo_max_width":0,"ocean_custom_logo_tablet_max_width":0,"ocean_custom_logo_mobile_max_width":0,"ocean_custom_logo_max_height":0,"ocean_custom_logo_tablet_max_height":0,"ocean_custom_logo_mobile_max_height":0,"ocean_header_custom_menu":"","ocean_menu_typo_font_family":"","ocean_menu_typo_font_subset":"","ocean_menu_typo_font_size":0,"ocean_menu_typo_font_size_tablet":0,"ocean_menu_typo_font_size_mobile":0,"ocean_menu_typo_font_size_unit":"px","ocean_menu_typo_font_weight":"","ocean_menu_typo_font_weight_tablet":"","ocean_menu_typo_font_weight_mobile":"","ocean_menu_typo_transform":"","ocean_menu_typo_transform_tablet":"","ocean_menu_typo_transform_mobile":"","ocean_menu_typo_line_height":0,"ocean_menu_typo_line_height_tablet":0,"ocean_menu_typo_line_height_mobile":0,"ocean_menu_typo_line_height_unit":"","ocean_menu_typo_spacing":0,"ocean_menu_typo_spacing_tablet":0,"ocean_menu_typo_spacing_mobile":0,"ocean_menu_typo_spacing_unit":"","ocean_menu_link_color":"","ocean_menu_link_color_hover":"","ocean_menu_link_color_active":"","ocean_menu_link_background":"","ocean_menu_link_hover_background":"","ocean_menu_link_active_background":"","ocean_menu_social_links_bg":"","ocean_menu_social_hover_links_bg":"","ocean_menu_social_links_color":"","ocean_menu_social_hover_links_color":"","ocean_disable_title":"default","ocean_disable_heading":"default","ocean_post_title":"","ocean_post_subheading":"","ocean_post_title_style":"","ocean_post_title_background_color":"","ocean_post_title_background":0,"ocean_post_title_bg_image_position":"","ocean_post_title_bg_image_attachment":"","ocean_post_title_bg_image_repeat":"","ocean_post_title_bg_image_size":"","ocean_post_title_height":0,"ocean_post_title_bg_overlay":0.5,"ocean_post_title_bg_overlay_color":"","ocean_disable_breadcrumbs":"default","ocean_breadcrumbs_color":"","ocean_breadcrumbs_separator_color":"","ocean_breadcrumbs_links_color":"","ocean_breadcrumbs_links_hover_color":"","ocean_display_footer_widgets":"default","ocean_display_footer_bottom":"default","ocean_custom_footer_template":"","omw_enable_modal_window":"enable","footnotes":""},"class_list":["post-1535","page","type-page","status-publish","hentry","entry"],"yoast_head":"<!-- This site is optimized with the Yoast SEO plugin v27.1.1 - https:\/\/yoast.com\/product\/yoast-seo-wordpress\/ -->\n<title>Mentions L\u00e9gales - Vy Events<\/title>\n<meta name=\"robots\" content=\"index, follow, max-snippet:-1, max-image-preview:large, max-video-preview:-1\" \/>\n<link rel=\"canonical\" href=\"https:\/\/www.vyevents.fr\/index.php\/mentions-legales\/\" \/>\n<meta property=\"og:locale\" content=\"fr_FR\" \/>\n<meta property=\"og:type\" content=\"article\" \/>\n<meta property=\"og:title\" content=\"Mentions L\u00e9gales - Vy Events\" \/>\n<meta property=\"og:description\" content=\"Mentions l\u00e9gales Conform\u00e9ment aux dispositions de la loi n\u00b0 2004-575 du 21 juin 2004 pour la confiance en l&rsquo;\u00e9conomie num\u00e9rique, il est pr\u00e9cis\u00e9 aux utilisateurs du site vyevents.fr l&rsquo;identit\u00e9 des diff\u00e9rents intervenants dans le cadre de sa r\u00e9alisation et de son suivi. \u00a0 \u00c9diteur du site Nom et pr\u00e9nom :\u00a0Sylvie ShouActivit\u00e9 :\u00a0Pilote de projet \u00e9v\u00e9nementiel [&hellip;]\" \/>\n<meta property=\"og:url\" content=\"https:\/\/www.vyevents.fr\/index.php\/mentions-legales\/\" \/>\n<meta property=\"og:site_name\" content=\"Vy Events\" \/>\n<meta property=\"article:modified_time\" content=\"2026-03-12T17:08:02+00:00\" \/>\n<meta name=\"twitter:card\" content=\"summary_large_image\" \/>\n<meta name=\"twitter:label1\" content=\"Dur\u00e9e de lecture estim\u00e9e\" \/>\n\t<meta name=\"twitter:data1\" content=\"2 minutes\" \/>\n<script type=\"application\/ld+json\" class=\"yoast-schema-graph\">{\"@context\":\"https:\/\/schema.org\",\"@graph\":[{\"@type\":\"WebPage\",\"@id\":\"https:\/\/www.vyevents.fr\/index.php\/mentions-legales\/\",\"url\":\"https:\/\/www.vyevents.fr\/index.php\/mentions-legales\/\",\"name\":\"Mentions L\u00e9gales - Vy Events\",\"isPartOf\":{\"@id\":\"https:\/\/www.vyevents.fr\/#website\"},\"datePublished\":\"2026-03-12T13:09:48+00:00\",\"dateModified\":\"2026-03-12T17:08:02+00:00\",\"breadcrumb\":{\"@id\":\"https:\/\/www.vyevents.fr\/index.php\/mentions-legales\/#breadcrumb\"},\"inLanguage\":\"fr-FR\",\"potentialAction\":[{\"@type\":\"ReadAction\",\"target\":[\"https:\/\/www.vyevents.fr\/index.php\/mentions-legales\/\"]}]},{\"@type\":\"BreadcrumbList\",\"@id\":\"https:\/\/www.vyevents.fr\/index.php\/mentions-legales\/#breadcrumb\",\"itemListElement\":[{\"@type\":\"ListItem\",\"position\":1,\"name\":\"Accueil\",\"item\":\"https:\/\/www.vyevents.fr\/\"},{\"@type\":\"ListItem\",\"position\":2,\"name\":\"Mentions L\u00e9gales\"}]},{\"@type\":\"WebSite\",\"@id\":\"https:\/\/www.vyevents.fr\/#website\",\"url\":\"https:\/\/www.vyevents.fr\/\",\"name\":\"Vy Events\",\"description\":\"Pilotage \u00c9v\u00e9nementiel\",\"publisher\":{\"@id\":\"https:\/\/www.vyevents.fr\/#organization\"},\"potentialAction\":[{\"@type\":\"SearchAction\",\"target\":{\"@type\":\"EntryPoint\",\"urlTemplate\":\"https:\/\/www.vyevents.fr\/?s={search_term_string}\"},\"query-input\":{\"@type\":\"PropertyValueSpecification\",\"valueRequired\":true,\"valueName\":\"search_term_string\"}}],\"inLanguage\":\"fr-FR\"},{\"@type\":\"Organization\",\"@id\":\"https:\/\/www.vyevents.fr\/#organization\",\"name\":\"Vy Events\",\"url\":\"https:\/\/www.vyevents.fr\/\",\"logo\":{\"@type\":\"ImageObject\",\"inLanguage\":\"fr-FR\",\"@id\":\"https:\/\/www.vyevents.fr\/#\/schema\/logo\/image\/\",\"url\":\"https:\/\/www.vyevents.fr\/wp-content\/uploads\/2026\/02\/cropped-Vy-Events-Turq-violet-1.png\",\"contentUrl\":\"https:\/\/www.vyevents.fr\/wp-content\/uploads\/2026\/02\/cropped-Vy-Events-Turq-violet-1.png\",\"width\":512,\"height\":512,\"caption\":\"Vy Events\"},\"image\":{\"@id\":\"https:\/\/www.vyevents.fr\/#\/schema\/logo\/image\/\"},\"sameAs\":[\"https:\/\/www.instagram.com\/vyevents.fr\/?utm_source=ig_web_button_share_sheet\"]}]}<\/script>\n<!-- \/ Yoast SEO plugin. -->","yoast_head_json":{"title":"Mentions L\u00e9gales - Vy Events","robots":{"index":"index","follow":"follow","max-snippet":"max-snippet:-1","max-image-preview":"max-image-preview:large","max-video-preview":"max-video-preview:-1"},"canonical":"https:\/\/www.vyevents.fr\/index.php\/mentions-legales\/","og_locale":"fr_FR","og_type":"article","og_title":"Mentions L\u00e9gales - Vy Events","og_description":"Mentions l\u00e9gales Conform\u00e9ment aux dispositions de la loi n\u00b0 2004-575 du 21 juin 2004 pour la confiance en l&rsquo;\u00e9conomie num\u00e9rique, il est pr\u00e9cis\u00e9 aux utilisateurs du site vyevents.fr l&rsquo;identit\u00e9 des diff\u00e9rents intervenants dans le cadre de sa r\u00e9alisation et de son suivi. \u00a0 \u00c9diteur du site Nom et pr\u00e9nom :\u00a0Sylvie ShouActivit\u00e9 :\u00a0Pilote de projet \u00e9v\u00e9nementiel [&hellip;]","og_url":"https:\/\/www.vyevents.fr\/index.php\/mentions-legales\/","og_site_name":"Vy Events","article_modified_time":"2026-03-12T17:08:02+00:00","twitter_card":"summary_large_image","twitter_misc":{"Dur\u00e9e de lecture estim\u00e9e":"2 minutes"},"schema":{"@context":"https:\/\/schema.org","@graph":[{"@type":"WebPage","@id":"https:\/\/www.vyevents.fr\/index.php\/mentions-legales\/","url":"https:\/\/www.vyevents.fr\/index.php\/mentions-legales\/","name":"Mentions L\u00e9gales - Vy Events","isPartOf":{"@id":"https:\/\/www.vyevents.fr\/#website"},"datePublished":"2026-03-12T13:09:48+00:00","dateModified":"2026-03-12T17:08:02+00:00","breadcrumb":{"@id":"https:\/\/www.vyevents.fr\/index.php\/mentions-legales\/#breadcrumb"},"inLanguage":"fr-FR","potentialAction":[{"@type":"ReadAction","target":["https:\/\/www.vyevents.fr\/index.php\/mentions-legales\/"]}]},{"@type":"BreadcrumbList","@id":"https:\/\/www.vyevents.fr\/index.php\/mentions-legales\/#breadcrumb","itemListElement":[{"@type":"ListItem","position":1,"name":"Accueil","item":"https:\/\/www.vyevents.fr\/"},{"@type":"ListItem","position":2,"name":"Mentions L\u00e9gales"}]},{"@type":"WebSite","@id":"https:\/\/www.vyevents.fr\/#website","url":"https:\/\/www.vyevents.fr\/","name":"Vy Events","description":"Pilotage \u00c9v\u00e9nementiel","publisher":{"@id":"https:\/\/www.vyevents.fr\/#organization"},"potentialAction":[{"@type":"SearchAction","target":{"@type":"EntryPoint","urlTemplate":"https:\/\/www.vyevents.fr\/?s={search_term_string}"},"query-input":{"@type":"PropertyValueSpecification","valueRequired":true,"valueName":"search_term_string"}}],"inLanguage":"fr-FR"},{"@type":"Organization","@id":"https:\/\/www.vyevents.fr\/#organization","name":"Vy Events","url":"https:\/\/www.vyevents.fr\/","logo":{"@type":"ImageObject","inLanguage":"fr-FR","@id":"https:\/\/www.vyevents.fr\/#\/schema\/logo\/image\/","url":"https:\/\/www.vyevents.fr\/wp-content\/uploads\/2026\/02\/cropped-Vy-Events-Turq-violet-1.png","contentUrl":"https:\/\/www.vyevents.fr\/wp-content\/uploads\/2026\/02\/cropped-Vy-Events-Turq-violet-1.png","width":512,"height":512,"caption":"Vy Events"},"image":{"@id":"https:\/\/www.vyevents.fr\/#\/schema\/logo\/image\/"},"sameAs":["https:\/\/www.instagram.com\/vyevents.fr\/?utm_source=ig_web_button_share_sheet"]}]}},"_links":{"self":[{"href":"https:\/\/www.vyevents.fr\/index.php\/wp-json\/wp\/v2\/pages\/1535","targetHints":{"allow":["GET"]}}],"collection":[{"href":"https:\/\/www.vyevents.fr\/index.php\/wp-json\/wp\/v2\/pages"}],"about":[{"href":"https:\/\/www.vyevents.fr\/index.php\/wp-json\/wp\/v2\/types\/page"}],"author":[{"embeddable":true,"href":"https:\/\/www.vyevents.fr\/index.php\/wp-json\/wp\/v2\/users\/1"}],"replies":[{"embeddable":true,"href":"https:\/\/www.vyevents.fr\/index.php\/wp-json\/wp\/v2\/comments?post=1535"}],"version-history":[{"count":13,"href":"https:\/\/www.vyevents.fr\/index.php\/wp-json\/wp\/v2\/pages\/1535\/revisions"}],"predecessor-version":[{"id":1670,"href":"https:\/\/www.vyevents.fr\/index.php\/wp-json\/wp\/v2\/pages\/1535\/revisions\/1670"}],"wp:attachment":[{"href":"https:\/\/www.vyevents.fr\/index.php\/wp-json\/wp\/v2\/media?parent=1535"}],"curies":[{"name":"wp","href":"https:\/\/api.w.org\/{rel}","templated":true}]}}